{"id":12300,"date":"2022-05-02T14:08:20","date_gmt":"2022-05-02T12:08:20","guid":{"rendered":"https:\/\/www.flexus.de\/?page_id=12300"},"modified":"2022-05-02T14:08:20","modified_gmt":"2022-05-02T12:08:20","slug":"danke-kontaktformular","status":"publish","type":"page","link":"http:\/\/s523026439.online.de\/nl\/danke-kontaktformular\/","title":{"rendered":"Danke (Kontaktformular)"},"content":{"rendered":"<h1 class=\"wp-block-heading\">Vielen Dank f\u00fcr Ihr Interesse!<\/h1>\n\n\n\n<p>Wir freuen uns \u00fcber Ihr Interesse an unseren Dienstleistungen. <br \/>Wir melden uns schnellstm\u00f6glich bei Ihnen. <br \/><br \/>Sollten Sie sehr akute Fragen haben, wenden Sie sich jederzeit auch gerne an unsere Mitarbeiter im Live-Chat oder nehmen Sie telefonisch Kontakt zu uns auf. <br \/>Wir freuen uns von Ihnen zu h\u00f6ren!<\/p>\n\n\n<p>[wf_fancy_button href=&#8220;https:\/\/www.flexus.de\/kontakt\/&#8220; text=&#8220;zum Kontaktformular&#8220; rel=&#8220;nofollow&#8220; class=&#8220;blue&#8220; ]<\/p>\n\n\n\n<p><\/p>","protected":false},"excerpt":{"rendered":"<p>Vielen Dank f\u00fcr Ihr Interesse! Wir freuen uns \u00fcber Ihr Interesse an unseren Dienstleistungen. Wir melden uns schnellstm\u00f6glich bei Ihnen. Sollten Sie sehr akute Fragen haben, wenden Sie sich jederzeit&#8230;<\/p>","protected":false},"author":11,"featured_media":0,"parent":0,"menu_order":0,"comment_status":"closed","ping_status":"closed","template":"","meta":{"_acf_changed":false,"_gspb_post_css":"#gspb_row-id-gsbp-ef81c6c{justify-content:space-between;margin-top:0;margin-bottom:0;display:flex;flex-wrap:wrap;min-height:450px}#gspb_row-id-gsbp-ef81c6c>.gspb_row__content{display:flex;margin:0 auto;width:100%;flex-wrap:wrap;max-width:1300px;align-items:center;justify-content:center}.gspb_row{position:relative}div[id^=gspb_col-id]{box-sizing:border-box;position:relative;padding:var(--gs-row-column-padding, 15px min(3vw, 20px))}@media (max-width:991.98px){#gspb_row-id-gsbp-ef81c6c{min-height:400px}}@media (max-width:767.98px){#gspb_row-id-gsbp-ef81c6c{min-height:300px}}@media (max-width:575.98px){#gspb_row-id-gsbp-ef81c6c{min-height:250px}}#gspb_row-id-gsbp-ef81c6c{align-content:center;background-color:var(--wp--preset--color--theme-palette2, var(--global-palette2));background-size:cover;background-repeat:no-repeat;background-position:29% 4%;background-image:url(https:\/\/www.flexus.de\/wp-content\/uploads\/2024\/09\/Flexus_Kontakt-1-scaled.webp);isolation:isolate}#gspb_row-id-gsbp-ef81c6c .gspb_shape-divider-container{overflow:hidden;position:absolute;left:0;z-index:-1;width:100%;line-height:0;pointer-events:none}#gspb_row-id-gsbp-ef81c6c .gspb_shape-divider-container svg{width:100%}@media (max-width:575.98px){#gspb_row-id-gsbp-ef81c6c .gspb_shape-divider-container--top{top:-1px}#gspb_row-id-gsbp-ef81c6c .gspb_shape-divider-container--top svg{height:3px}}#gspb_row-id-gsbp-ef81c6c .gspb_shape-divider-container--bottom{bottom:-1px}#gspb_row-id-gsbp-ef81c6c .gspb_shape-divider-container--bottom svg{height:60px}@media (max-width:575.98px){#gspb_row-id-gsbp-ef81c6c .gspb_shape-divider-container--bottom svg{height:30px}}#gspb_row-id-gsbp-ef81c6c:hover{background-size:cover}#gspb_row-id-gsbp-ef81c6c>.gspb_backgroundOverlay{position:absolute;top:0;left:0;width:100%;height:100%;z-index:-1;opacity:.4;background-color:var(--wp--preset--color--theme-palette2, var(--global-palette2))}#gspb_col-id-gsbp-02f4621.gspb_row__col--12{width:calc(100% - 15px)}@media (max-width:991.98px){#gspb_col-id-gsbp-02f4621.gspb_row__col--12{width:calc(66.66666666666667% - 15px)}}@media (max-width:767.98px){#gspb_col-id-gsbp-02f4621.gspb_row__col--12{width:calc(66.66666666666667% - 15px)}}@media (max-width:575.98px){#gspb_col-id-gsbp-02f4621.gspb_row__col--12{width:100%}}@media (min-width:576px) and (max-width:991.98px){body.gspb-bodyfront #gspb_col-id-gsbp-02f4621.gspb_row__col--12{width:calc(100% - 15px - 0px)}}.gspb_row #gspb_col-id-gsbp-02f4621.gspb_row__col--12{padding-top:0}@media (max-width:575.98px){.gspb_row #gspb_col-id-gsbp-02f4621.gspb_row__col--12{margin-top:0;padding-top:0}}body #gspb_col-id-gsbp-02f4621.gspb_row__col--12{display:block}@media (max-width:575.98px){#gspb_heading-id-gsbp-e2f3f3b{font-size:2rem;line-height:2.4rem}}@media (max-width:991.98px){#gspb_heading-id-gsbp-e2f3f3b,#gspb_heading-id-gsbp-e2f3f3b .gsap-g-line{text-align:left!important}}#gspb_heading-id-gsbp-e2f3f3b{word-break:break-word;text-shadow:2px 2px 0 rgba(0,0,0,.1);color:var(--wp--preset--color--theme-palette9, var(--global-palette9));margin-top:0}@media (max-width:767.98px){#gspb_heading-id-gsbp-e2f3f3b{margin-top:0}}@media (max-width:575.98px){#gspb_heading-id-gsbp-e2f3f3b{margin-top:0}}#gspb_heading-id-gsbp-e2f3f3b .gspb_heading_subtitle,#gspb_subheading-id-gsbp-e2f3f3b{display:block;font-size:17px;line-height:22px;margin-top:5px;font-size:clamp(1.3rem,1.4vw,1.5rem);line-height:clamp(1.8rem,1.9vw,2rem);font-weight:400!important}","content-type":"","_kad_blocks_custom_css":"","_kad_blocks_head_custom_js":"","_kad_blocks_body_custom_js":"","_kad_blocks_footer_custom_js":"","_EventAllDay":false,"_EventTimezone":"","_EventStartDate":"","_EventEndDate":"","_EventStartDateUTC":"","_EventEndDateUTC":"","_EventShowMap":false,"_EventShowMapLink":false,"_EventURL":"","_EventCost":"","_EventCostDescription":"","_EventCurrencySymbol":"","_EventCurrencyCode":"","_EventCurrencyPosition":"","_EventDateTimeSeparator":"","_EventTimeRangeSeparator":"","_EventOrganizerID":[],"_EventVenueID":[],"_OrganizerEmail":"","_OrganizerPhone":"","_OrganizerWebsite":"","_VenueAddress":"","_VenueCity":"","_VenueCountry":"","_VenueProvince":"","_VenueState":"","_VenueZip":"","_VenuePhone":"","_VenueURL":"","_VenueStateProvince":"","_VenueLat":"","_VenueLng":"","_VenueShowMap":false,"_VenueShowMapLink":false,"_kad_post_transparent":"","_kad_post_title":"","_kad_post_layout":"","_kad_post_sidebar_id":"","_kad_post_content_style":"","_kad_post_vertical_padding":"","_kad_post_feature":"","_kad_post_feature_position":"","_kad_post_header":false,"_kad_post_footer":false,"_kad_post_classname":"","footnotes":""},"class_list":["post-12300","page","type-page","status-publish","hentry"],"acf":[],"yoast_head":"<!-- This site is optimized with the Yoast SEO plugin v27.3 - https:\/\/yoast.com\/product\/yoast-seo-wordpress\/ -->\n<title>Danke (Kontaktformular) | FLEXUS Premium SAP Intralogistics<\/title>\n<meta name=\"robots\" content=\"noindex, follow, max-snippet:-1, max-image-preview:large, max-video-preview:-1\" \/>\n<meta property=\"og:locale\" content=\"nl_NL\" \/>\n<meta property=\"og:type\" content=\"article\" \/>\n<meta property=\"og:title\" content=\"Danke (Kontaktformular) | FLEXUS Premium SAP Intralogistics\" \/>\n<meta property=\"og:description\" content=\"Vielen Dank f\u00fcr Ihr Interesse! Wir freuen uns \u00fcber Ihr Interesse an unseren Dienstleistungen. Wir melden uns schnellstm\u00f6glich bei Ihnen. Sollten Sie sehr akute Fragen haben, wenden Sie sich jederzeit...\" \/>\n<meta property=\"og:url\" content=\"http:\/\/s523026439.online.de\/nl\/danke-kontaktformular\/\" \/>\n<meta property=\"og:site_name\" content=\"FLEXUS Premium SAP Intralogistics\" \/>\n<meta property=\"og:image\" content=\"http:\/\/s523026439.online.de\/wp-content\/uploads\/2022\/09\/OG-Flexus2.jpg\" \/>\n\t<meta property=\"og:image:width\" content=\"1200\" \/>\n\t<meta property=\"og:image:height\" content=\"630\" \/>\n\t<meta property=\"og:image:type\" content=\"image\/jpeg\" \/>\n<meta name=\"twitter:card\" content=\"summary_large_image\" \/>\n<script type=\"application\/ld+json\" class=\"yoast-schema-graph\">{\"@context\":\"https:\\\/\\\/schema.org\",\"@graph\":[{\"@type\":\"WebPage\",\"@id\":\"http:\\\/\\\/s523026439.online.de\\\/danke-kontaktformular\\\/\",\"url\":\"http:\\\/\\\/s523026439.online.de\\\/danke-kontaktformular\\\/\",\"name\":\"Danke (Kontaktformular) | FLEXUS Premium SAP Intralogistics\",\"isPartOf\":{\"@id\":\"http:\\\/\\\/s523026439.online.de\\\/#website\"},\"datePublished\":\"2022-05-02T12:08:20+00:00\",\"inLanguage\":\"nl-NL\",\"potentialAction\":[{\"@type\":\"ReadAction\",\"target\":[\"http:\\\/\\\/s523026439.online.de\\\/danke-kontaktformular\\\/\"]}]},{\"@type\":\"WebSite\",\"@id\":\"http:\\\/\\\/s523026439.online.de\\\/#website\",\"url\":\"http:\\\/\\\/s523026439.online.de\\\/\",\"name\":\"FLEXUS Premium SAP Intralogistics\",\"description\":\"Die SAP EWM Logistik\u00adexperten f\u00fcr Ihre 360\u00b0 EWM L\u00f6sungen in SAP\",\"publisher\":{\"@id\":\"http:\\\/\\\/s523026439.online.de\\\/#organization\"},\"potentialAction\":[{\"@type\":\"SearchAction\",\"target\":{\"@type\":\"EntryPoint\",\"urlTemplate\":\"http:\\\/\\\/s523026439.online.de\\\/?s={search_term_string}\"},\"query-input\":{\"@type\":\"PropertyValueSpecification\",\"valueRequired\":true,\"valueName\":\"search_term_string\"}}],\"inLanguage\":\"nl-NL\"},{\"@type\":\"Organization\",\"@id\":\"http:\\\/\\\/s523026439.online.de\\\/#organization\",\"name\":\"Flexus AG\",\"url\":\"http:\\\/\\\/s523026439.online.de\\\/\",\"logo\":{\"@type\":\"ImageObject\",\"inLanguage\":\"nl-NL\",\"@id\":\"http:\\\/\\\/s523026439.online.de\\\/#\\\/schema\\\/logo\\\/image\\\/\",\"url\":\"http:\\\/\\\/s523026439.online.de\\\/wp-content\\\/uploads\\\/2022\\\/02\\\/flexus_logo.png\",\"contentUrl\":\"http:\\\/\\\/s523026439.online.de\\\/wp-content\\\/uploads\\\/2022\\\/02\\\/flexus_logo.png\",\"width\":259,\"height\":101,\"caption\":\"Flexus AG\"},\"image\":{\"@id\":\"http:\\\/\\\/s523026439.online.de\\\/#\\\/schema\\\/logo\\\/image\\\/\"}}]}<\/script>\n<!-- \/ Yoast SEO plugin. -->","yoast_head_json":{"title":"Danke (Kontaktformular) | FLEXUS Premium SAP Intralogistics","robots":{"index":"noindex","follow":"follow","max-snippet":"max-snippet:-1","max-image-preview":"max-image-preview:large","max-video-preview":"max-video-preview:-1"},"og_locale":"nl_NL","og_type":"article","og_title":"Danke (Kontaktformular) | FLEXUS Premium SAP Intralogistics","og_description":"Vielen Dank f\u00fcr Ihr Interesse! Wir freuen uns \u00fcber Ihr Interesse an unseren Dienstleistungen. Wir melden uns schnellstm\u00f6glich bei Ihnen. Sollten Sie sehr akute Fragen haben, wenden Sie sich jederzeit...","og_url":"http:\/\/s523026439.online.de\/nl\/danke-kontaktformular\/","og_site_name":"FLEXUS Premium SAP Intralogistics","og_image":[{"width":1200,"height":630,"url":"http:\/\/s523026439.online.de\/wp-content\/uploads\/2022\/09\/OG-Flexus2.jpg","type":"image\/jpeg"}],"twitter_card":"summary_large_image","schema":{"@context":"https:\/\/schema.org","@graph":[{"@type":"WebPage","@id":"http:\/\/s523026439.online.de\/danke-kontaktformular\/","url":"http:\/\/s523026439.online.de\/danke-kontaktformular\/","name":"Danke (Kontaktformular) | FLEXUS Premium SAP Intralogistics","isPartOf":{"@id":"http:\/\/s523026439.online.de\/#website"},"datePublished":"2022-05-02T12:08:20+00:00","inLanguage":"nl-NL","potentialAction":[{"@type":"ReadAction","target":["http:\/\/s523026439.online.de\/danke-kontaktformular\/"]}]},{"@type":"WebSite","@id":"http:\/\/s523026439.online.de\/#website","url":"http:\/\/s523026439.online.de\/","name":"FLEXUS Premium SAP Intralogistics","description":"Die SAP EWM Logistik\u00adexperten f\u00fcr Ihre 360\u00b0 EWM L\u00f6sungen in SAP","publisher":{"@id":"http:\/\/s523026439.online.de\/#organization"},"potentialAction":[{"@type":"SearchAction","target":{"@type":"EntryPoint","urlTemplate":"http:\/\/s523026439.online.de\/?s={search_term_string}"},"query-input":{"@type":"PropertyValueSpecification","valueRequired":true,"valueName":"search_term_string"}}],"inLanguage":"nl-NL"},{"@type":"Organization","@id":"http:\/\/s523026439.online.de\/#organization","name":"Flexus AG","url":"http:\/\/s523026439.online.de\/","logo":{"@type":"ImageObject","inLanguage":"nl-NL","@id":"http:\/\/s523026439.online.de\/#\/schema\/logo\/image\/","url":"http:\/\/s523026439.online.de\/wp-content\/uploads\/2022\/02\/flexus_logo.png","contentUrl":"http:\/\/s523026439.online.de\/wp-content\/uploads\/2022\/02\/flexus_logo.png","width":259,"height":101,"caption":"Flexus AG"},"image":{"@id":"http:\/\/s523026439.online.de\/#\/schema\/logo\/image\/"}}]}},"taxonomy_info":[],"featured_image_src_large":false,"author_info":{"display_name":"Flexus Redaktion","author_link":"http:\/\/s523026439.online.de\/nl\/author\/redaktion\/"},"comment_info":0,"_links":{"self":[{"href":"http:\/\/s523026439.online.de\/nl\/wp-json\/wp\/v2\/pages\/12300","targetHints":{"allow":["GET"]}}],"collection":[{"href":"http:\/\/s523026439.online.de\/nl\/wp-json\/wp\/v2\/pages"}],"about":[{"href":"http:\/\/s523026439.online.de\/nl\/wp-json\/wp\/v2\/types\/page"}],"author":[{"embeddable":true,"href":"http:\/\/s523026439.online.de\/nl\/wp-json\/wp\/v2\/users\/11"}],"replies":[{"embeddable":true,"href":"http:\/\/s523026439.online.de\/nl\/wp-json\/wp\/v2\/comments?post=12300"}],"version-history":[{"count":0,"href":"http:\/\/s523026439.online.de\/nl\/wp-json\/wp\/v2\/pages\/12300\/revisions"}],"wp:attachment":[{"href":"http:\/\/s523026439.online.de\/nl\/wp-json\/wp\/v2\/media?parent=12300"}],"curies":[{"name":"wp","href":"https:\/\/api.w.org\/{rel}","templated":true}]}}